{"id":147,"date":"2015-09-23T13:01:26","date_gmt":"2015-09-23T13:01:26","guid":{"rendered":"http:\/\/philsoc.eu\/?page_id=147"},"modified":"2026-02-11T12:35:25","modified_gmt":"2026-02-11T12:35:25","slug":"past-committees","status":"publish","type":"page","link":"https:\/\/www.euphilsoc.com\/index.php\/welcometophilsoc\/past-committees\/","title":{"rendered":"Past Committees"},"content":{"rendered":"\n<hr class=\"wp-block-separator has-css-opacity\"\/>\n\n\n<p><strong>Committee 2024\/25<\/strong><\/p>\n<p>Co-Presidents: Dean Moore &amp; Miriam Lester<\/p>\n<p>Secretary: Yining &#8216;Richard&#8217; Fan\u00a0<\/p>\n<p>Treasurer: Fareed Jamal\u00a0<\/p>\n<p>Discussion Group Organisers: Theo Lightfoot<\/p>\n<p>Lecture Organisers: Isabelle Woodcock and Jonny Bennett<\/p>\n<p>Historian\/Librarian: Rory Smith\u00a0<\/p>\n<p>Welfare Officer: Chloe Perry\u00a0<\/p>\n<p>Social Secretary: Andrew Georgiou-Macko<\/p>\n<p>Marketing Officer: Alexander Brennen<\/p>\n<p>Journal Editor(s)-in-Chief: Emmi Wilkinson, Noah Gregory, Isabelle Woodcock<\/p>\n<p>Postgraduate Representative: Caitlin Daly\u00a0<\/p>\n<p>First Year Representative: Joseph Harmon<\/p>\n<p>General Assistant: Jasmine Yang<\/p>\n<p><strong>Committee 2023\/24<\/strong><\/p>\n<p>Co-Presidents: Maja Longfors and Gunnar Enlow<\/p>\n<p>Secretary: Evie Gazet<\/p>\n<p>Treasurer: Yuyi He<\/p>\n<p>Department Liaison: Margo Li<\/p>\n<p>Discussion Group Organisers: Richard Fan and Elle Robertson*<\/p>\n<p>Journal Editor(s)-in-Chief: Amy Life and Emma Cohen Edmonds<\/p>\n<p>Lecture Organisers: Leo Ding and Lydia McMillan*, and Andrew Georgiou-Macko<\/p>\n<p>Librarian: Isabelle Woodcock<\/p>\n<p>Historian: Rory Smith<\/p>\n<p>Marketing Officer: Chloe Perry<\/p>\n<p>Webmaster: Caitlin Daly<\/p>\n<p>Proceedings Organiser: Sophia McArdle<\/p>\n<p>Social Secretary: Caitlin Barnard*, Eirlys Hunter, and Dean Moore<\/p>\n<p>Welfare Officer: Aria Lindfield<\/p>\n<p>First Year Representative: Miriam Lester<\/p>\n<p>Postgraduate Representative: Elizabeth Lambley<\/p>\n<p>Ordinary Members: Rasmus L\u00f8vschal, Rory Smith*, Henry Mobius, Niki Jordan<\/p>\n<p><strong>Committee 2022\/23<\/strong><\/p>\n<p>Co-Presidents: Amy Alexander<\/p>\n<p>Secretary: Gunnar Enlow<\/p>\n<p>Treasurer: Toby Peterken* and Maja Longfors<\/p>\n<p>Department Liaison: Monika Zo\u0144<\/p>\n<p>Discussion Group Organisers: Evie Gazet and Gunnar Enlow<\/p>\n<p>Journal Editor(s)-in-Chief: Astoria Detuncq*, Sam Marks\u00ac, Henry Mobius and Isabelle Woodcock<\/p>\n<p>Lecture Organisers: Aston Rogers-Smith and Sam Marks\u00ac<\/p>\n<p>Librarian: Herman Fett<\/p>\n<p>Historian: Aston Rogers-Smith<\/p>\n<p>Marketing Officer: Monika Zo\u0144* and Ruby Evans<\/p>\n<p>Proceedings Organiser: Niki Cleland-Hura<\/p>\n<p>Social Secretary: Margo Li and Aria Lindfield<\/p>\n<p>Logic Group Organiser: Maja Longfors<\/p>\n<p>Welfare Officer: Niki Cleland-Hura<\/p>\n<p>First Year Representative: Yuyi He<\/p>\n<p>Postgraduate Representative: Farhad Alavi<\/p>\n<p>Ordinary Members: Matthew McClure, Rasmus L\u00f8vschal, Alex Thorne-Wallis*, Chiara Lamieri*, Henrik Longva Stavdal*, Henry Mobius<\/p>\n<p><strong>Committee 2021\/22<\/strong><\/p>\n<p>Co-Presidents: Monika Zo\u0144 and Niki Cleland-Hura<\/p>\n<p>Secretary: Matthew McClure<\/p>\n<p>Treasurer: Henrik Longva Stavdal<\/p>\n<p>Department Liaison: Nathan Zou<\/p>\n<p>Discussion Group Organisers: Toby Peterken<\/p>\n<p>Journal Editor-in-Chief: Martha Gibbon<\/p>\n<p>Lecture Organisers: Andrej Gregus* and Ruby Dalwood<\/p>\n<p>Librarian\/Historian: Joe Carstairs<\/p>\n<p>Marketing Officer: Sydney Marcy<\/p>\n<p>PhilPals Coordinators: Jasleen Pelia-Lutzker and Max Ekstrand<\/p>\n<p>Proceedings Organiser: Angus Allan<\/p>\n<p>Reading Group Organisers: Nea Ivanova and Will Penkethman-Carr<\/p>\n<p>Social Secretary: Herman Fett and Nathan Zou<\/p>\n<p>Welfare Officer: Amy Alexander<\/p>\n<p>First Year Representative: Oscar Bryan<\/p>\n<p>Postgraduate Representative: Jose Neira<\/p>\n<p>Ordinary Members: Deniz Yal\u00e7\u0131n, Frej \u00c5kerstr\u00f6m*, George Barzilov, Joe Rosie, Sam Enright*, Lottie Allen, Alex Thorne-Wallis<\/p>\n<hr \/>\n<p><strong>Committee 2020\/21<\/strong><\/p>\n<p>Co-Presidents: Siena Wotherspoon and Nathan Zou<\/p>\n<p>Secretary: Monika Zo\u0144<\/p>\n<p>Treasurer: Matthew McClure<\/p>\n<p>Department Liaison: Jose Neira<\/p>\n<p>Discussion Group Organisers: Niki Cleland-Hura and Nea Ivanova<\/p>\n<p>Journal Editors: Will Penkethmann-Carr and Lara Slyce<\/p>\n<p>Lecture Organisers: Joe Rosie and Nathan Zou<\/p>\n<p>Librarian: Kelsey Wengert<\/p>\n<p>Marketing Officer: Monika Zo\u0144<\/p>\n<p>PhilPals Coordinators: Max Ekstrand and Claes S\u00f8rensen<\/p>\n<p>Proceedings Organiser: Matthew McClure<\/p>\n<p>Reading Group Organisers: Arian Eshtehardian and Elina Turner<\/p>\n<p>Social Secretary: Henrik Stavdal and Sophie Williams<\/p>\n<p>Welfare Officer: Deniz Yal\u00e7\u0131n<\/p>\n<p>First Year Representative: Frej \u00c5kerstr\u00f6m<\/p>\n<p>Postgraduate Representative: Andrew Zelny<\/p>\n<p>Ordinary Members: Amy Alexander, Sam Enright, Andrej Gregus, Lorna Modeen, Mary Peterson<\/p>\n<hr \/>\n<p><strong>Committee 2019\/20<\/strong><\/p>\n<p>Co-Presidents: Angus Forbes-Cable and Deniz Yal\u00e7\u0131n<\/p>\n<p>Vice-President: Niki Cleland-Hura* and Consuella Zhao*<\/p>\n<p>Secretary: Siena Wotherspoon<\/p>\n<p>Treasurer: Nathan Zou<\/p>\n<p>Academic Support Officers: Lochlann Atack and Niya Ivanova<\/p>\n<p>Chairperson: Angus Forbes-Cable<\/p>\n<p>Department Liaisons: Dave Boden, Kelsey Wengert, Siena Wotherspoon<\/p>\n<p>Discussion Group Organiser: Will Penkethman-Carr<\/p>\n<p>Equity and Diversity Officers: Siena Wotherspoon and Deniz Yal\u00e7\u0131n<\/p>\n<p>Journal Editor: Will Penkethmann-Carr<\/p>\n<p>Librarian: Kenneth Novis<\/p>\n<p>Marketing Officer: Monika Zo\u0144<\/p>\n<p>Proceedings Organiser: Matthew McClure<\/p>\n<p>Reading Group Organisers: Arian Eshtehardian and Elina Turner<\/p>\n<p>Social Secretary: Sophie Williams<\/p>\n<p>Webmaster: Shin Woo Kim<\/p>\n<p>First Year Representative: Niki Cleland-Hura<\/p>\n<p>Postgraduate Representative: Dave Boden<\/p>\n<p>Ordinary Members: Stacey Albegova, Zac Bloxham, Josep Marti Bouis, Matthew Festus, Max Ekstrand, Joe Rosie, Rebecca Stoll, Lucy Swale<\/p>\n<hr \/>\n<p><strong>Committee 2018\/19<\/strong><\/p>\n<p>President: Ritzy Rajaswi\u00ac<\/p>\n<p>Vice President: Rebecca Stoll<\/p>\n<p>Secretary: Consuella Zhao<\/p>\n<p>Treasurer: Cris Garc\u00eda Ferrero<\/p>\n<p>Academic Support Officer: Milan Ney<\/p>\n<p>Chairperson: Tommy Zhang<\/p>\n<p>Department Liaison: Consuella Zhao<\/p>\n<p>Discussion Group Organiser: Kenneth Novis<\/p>\n<p>Diversity and Equity Officers: Viktoria Matejova and Deniz Yal\u00e7\u0131n<\/p>\n<p>Journal Editor: Siena Wotherspoon<\/p>\n<p>Librarians: Polina Borisocheva* and Tommy Zhang<\/p>\n<p>Marketing Officers: Freya Derby* and Angus Forbes-Cable<\/p>\n<p>Reading Group Organisers: Milan Ney and Zo\u00eb Brunner<\/p>\n<p>Social Secretary: Rebecca Stoll<\/p>\n<p>Webmaster: Simon Kaufmann<\/p>\n<p>First Year Representatives: Matthew Festus, Jacob Kemprud<\/p>\n<p>Postgraduate Representative: Hugo Snijders<\/p>\n<p>Ordinary Members: Nathan Zou, Tiberius Hong, Nicholas Battaglia<\/p>\n<p><strong>Committee 2017\/18<\/strong><\/p>\n<p>President: Robert Campbell<\/p>\n<p>Vice President: Marco Malus\u00e0<\/p>\n<p>Secretary: Ritzy Rajaswi<\/p>\n<p>Treasurer: Quitze Eguigure<\/p>\n<p>Academic Support Officers: Josh Cox and Abi Thwaites<\/p>\n<p>Chairperson: Josh Cox<\/p>\n<p>Department Liaisons: Viki Matejova and Maria Pedrinha<\/p>\n<p>Discussion Group Organisers: Marco Malus\u00e0<\/p>\n<p>Journal Editor: Josh Cox<\/p>\n<p>Librarians: Robert Campbell, Tommy Zhang and Viki Matejova<\/p>\n<p>Marketing Officer: Freya Derby and Maria D&#8217;orazio<\/p>\n<p>Reading Group Organisers: Robert Campbell and Ritzy Rajaswi<\/p>\n<p>Social Secretary: Maria D&#8217;orazio<\/p>\n<p>Webmaster: Joost Ziff<\/p>\n<p>First-year Representatives: Richa Dheendsa, Cris Garc\u00eda Ferreiro<\/p>\n<p>Postgraduate Representative: Y.K. Ko<\/p>\n<p>Ordinary Members:\u00a0 Zo<span id=\"fb-timeline-cover-name\" class=\"_2t_q\" data-testid=\"profile_name_in_profile_page\">\u00eb<\/span> Brunner, Ahmad Freihat,\u00a0Jiahong Liu, Rebecca Stoll,<\/p>\n<hr \/>\n<p><strong>Commitee 2016\/17<\/strong><\/p>\n<p>President: Milan Ney<\/p>\n<p>Vice President and Discussion Group Organiser: Ella Svahn<\/p>\n<p>Secretary: Marco Malus\u00e0<\/p>\n<p>Treasure and Librarian: Tommy\u00a0 Zhang<\/p>\n<p>Chairperson: Adam Noach<\/p>\n<p>Reading Group Organiser: Josh Cox<\/p>\n<p>Academic Support Officer(s): Fausto Carcassi and Joost Ziff<\/p>\n<p>Marketing Officer and Social Secretary: Viktoria Matejova<\/p>\n<p>Marketing Officer and Department Liaison: Franka B\u00f6ckmann<\/p>\n<p>Webmaster: Vivian Uhlir<\/p>\n<p>Ordinary Members: Anna Staudigl, Carl Pierer, Rishabh Malu<\/p>\n<hr \/>\n<p><strong>Commitee 2015\/16<\/strong><\/p>\n<p>President and Discussion Group OrganiSer : Rishabh Malu<\/p>\n<p>Vice-President: Adam Noach<\/p>\n<p>Secretary and Department Liaison: Conor Thompson-Clarke<\/p>\n<p>Treasurer: Vivian Uhlir<\/p>\n<p>Chairperson and Librarian: Carl Pierer<\/p>\n<p>Reading Group Organizer: Laura Altinsoy<\/p>\n<p>Academic Support Officer and Librarian: Andrea Blomqvist<\/p>\n<p>Social Secretary: Eilidh Bard<\/p>\n<p>Webmaster and Marketing Officer: Jess Smith<\/p>\n<p>Ordinary Member: Leo Lobski<\/p>\n<p>Ordinary Member: Ma\u00eblle Havelange<\/p>\n<p>Ordinary Member: James Puchowski<\/p>\n<p>Postgraduate Representative: Richard Fitzpatrick<\/p>\n<hr \/>\n<p><strong>Commitee 2014\/15<\/strong><\/p>\n<p>President and Reading Group Organizer: Carl Pierer<\/p>\n<p>Vice-President and Secretary: Vivian Uhlir<\/p>\n<p>Vice-President, Social Secretary, and Webmaster: Hans Christian Gregersen<\/p>\n<p>Secretary and Publicity Officer: Nadia Napier<\/p>\n<p>Treasurer, Discussion Group Organizer, and Academic Support Officer: Jamie Sutherland<\/p>\n<p>Chairperson: Emile Yusupoff<\/p>\n<p>Department Liaison and Publicity Officer: Anna Staudigl<\/p>\n<p>Librarian: Andrea Blomqvist<\/p>\n<p>Ordinary Member and Librarian: James Puchowski<\/p>\n<p>Ordinary Member: Odi Shonga<\/p>\n<p>Ordinary Member: Luke Macy<\/p>\n<p>Ordinary Member: Jessica Smith<\/p>\n<p>Postgraduate Representative: Richard Fitzpatrick<\/p>\n<p>First Year Representative: Adam Noach<\/p>\n<p>First Year Representative: Laura Altinsoy<\/p>\n<hr \/>\n<p><strong>Committee 2013\/14<\/strong><\/p>\n<p>President: Odi Shonga<\/p>\n<p>Vice-President: Andrea Blomqvist<\/p>\n<p>Secretary: Elly Leggatt<\/p>\n<p>Treasurer: Jamie Sutherland<\/p>\n<p>Discussion Group Organisers: Anna Baker &amp; Carl Pierer<\/p>\n<p>Reading Group Organiser: Emile Yusupoff<\/p>\n<p>Academic Support Officer: Anna Baker<\/p>\n<p>Chairperson &amp; Department Liaison: Anna Baker<\/p>\n<p>Webmaster: Emile Yusupoff<\/p>\n<p>Publicity Officer: Nadia Napier<\/p>\n<p>Social Secretary: Amy Shinzaki<\/p>\n<p>Journal Editors: Anna Baker &amp; Emile Yusupoff<\/p>\n<p>First Year Representative: James Puchowski<\/p>\n<p>Post-Graduate Representative: Joao Pinto<\/p>\n<p>Librarian: Jamie Sutherland<\/p>\n<hr \/>\n<p><strong>Committee 2012\/13<\/strong><\/p>\n<p>President: Emile Yusupoff<\/p>\n<p>Vice-President: Shawn Witkowski<\/p>\n<p>Secretary: Payton Alexander<\/p>\n<p>Treasurer: Jamie Sutherland<\/p>\n<p>Discussion Group Organiser: Anna Baker<\/p>\n<p>Reading Group Organiser: Sam Carter<\/p>\n<p>Academic Support Officer: Anna Baker<\/p>\n<p>Chairperson: Sam Carter<\/p>\n<p>Webmaster &amp; Publicity Officer: Gregory Stecklemacher<\/p>\n<p>Social Secretary: Amy Shinzaki<\/p>\n<p>Journal Editors: Sam Carter, Chris Ranalli, Shawn Witkowski<\/p>\n<p>Post-Graduate Representative: Chris Ranalli<\/p>\n<hr \/>\n<p><strong>Committee 2011\/12<\/strong><\/p>\n<p>President: Anna Baker<\/p>\n<p>Vice-President: Tymen Van Slageren<\/p>\n<p>Secretary: Tymen Van Slageren<\/p>\n<p>Treasurer: Zac Palmer Laporte<\/p>\n<p>Discussion Group Organiser: Fiona Cuddihy<\/p>\n<p>Reading Group Organiser: Shawn Witkowski<\/p>\n<p>Academic Support Officer: Charlotte Coursier<\/p>\n<p>Chairperson: Richard Gow<\/p>\n<p>Webmaster: Andy Diack<\/p>\n<p>Publicity Officer: Zac Palmer Laporte<\/p>\n<p>Social Secretary: Rosanna Hall<\/p>\n<p>Journal Editors: Chris Ranalli, Richard Gow<\/p>\n<hr \/>\n<p><strong>Committee 2010\/11<\/strong><\/p>\n<p>President: Sam Carter<\/p>\n<p>Secretary: Tymen Van Slageren<\/p>\n<p>Treasurer: Zac Palmer Laporte<\/p>\n<p>Discussion Group Organiser: Mark McGuire<\/p>\n<p>Reading Group Organiser: Chris Ranalli<\/p>\n<p>Chairperson: Richard Gow<\/p>\n<p>Webmaster: Andy Diack<\/p>\n<p>Publicity Officer: Rosanna Hall<\/p>\n<p>Social Secetary: Alice Leeson<\/p>\n<p>Journal Editors: Richard Gow, Chris Ranalli<\/p>\n<p>*Part-Term<\/p>\n<p>\u00acRemoved from office<\/p>\n\n\n<hr class=\"wp-block-separator has-css-opacity\"\/>\n","protected":false},"excerpt":{"rendered":"<p>Committee 2024\/25 Co-Presidents: Dean Moore &amp; Miriam Lester Secretary: Yining &#8216;Richard&#8217; Fan\u00a0 Treasurer: Fareed Jamal\u00a0 Discussion Group Organisers: Theo Lightfoot Lecture Organisers: Isabelle Woodcock and Jonny Bennett Historian\/Librarian: Rory Smith\u00a0 Welfare Officer: Chloe Perry\u00a0 Social Secretary: Andrew Georgiou-Macko Marketing Officer: Alexander Brennen Journal Editor(s)-in-Chief: Emmi Wilkinson, Noah Gregory, Isabelle Woodcock Postgraduate Representative: Caitlin Daly\u00a0 First &hellip; <a href=\"https:\/\/www.euphilsoc.com\/index.php\/welcometophilsoc\/past-committees\/\" class=\"more-link\">Continue reading <span class=\"screen-reader-text\">Past Committees<\/span><\/a><\/p>\n","protected":false},"author":1,"featured_media":0,"parent":195,"menu_order":0,"comment_status":"closed","ping_status":"closed","template":"","meta":{"footnotes":""},"class_list":["post-147","page","type-page","status-publish","hentry"],"jetpack_sharing_enabled":true,"_links":{"self":[{"href":"https:\/\/www.euphilsoc.com\/index.php\/wp-json\/wp\/v2\/pages\/147","targetHints":{"allow":["GET"]}}],"collection":[{"href":"https:\/\/www.euphilsoc.com\/index.php\/wp-json\/wp\/v2\/pages"}],"about":[{"href":"https:\/\/www.euphilsoc.com\/index.php\/wp-json\/wp\/v2\/types\/page"}],"author":[{"embeddable":true,"href":"https:\/\/www.euphilsoc.com\/index.php\/wp-json\/wp\/v2\/users\/1"}],"replies":[{"embeddable":true,"href":"https:\/\/www.euphilsoc.com\/index.php\/wp-json\/wp\/v2\/comments?post=147"}],"version-history":[{"count":28,"href":"https:\/\/www.euphilsoc.com\/index.php\/wp-json\/wp\/v2\/pages\/147\/revisions"}],"predecessor-version":[{"id":1917,"href":"https:\/\/www.euphilsoc.com\/index.php\/wp-json\/wp\/v2\/pages\/147\/revisions\/1917"}],"up":[{"embeddable":true,"href":"https:\/\/www.euphilsoc.com\/index.php\/wp-json\/wp\/v2\/pages\/195"}],"wp:attachment":[{"href":"https:\/\/www.euphilsoc.com\/index.php\/wp-json\/wp\/v2\/media?parent=147"}],"curies":[{"name":"wp","href":"https:\/\/api.w.org\/{rel}","templated":true}]}}